{"id":527,"date":"2019-12-13T10:38:37","date_gmt":"2019-12-13T10:38:37","guid":{"rendered":"https:\/\/www.getenergyprimeitalia.com\/investigacion-y-desarrollo-de-fuentes-alternativas-de-energia\/"},"modified":"2019-12-13T12:48:21","modified_gmt":"2019-12-13T12:48:21","slug":"investigacion-y-desarrollo-de-fuentes-alternativas-de-energia","status":"publish","type":"page","link":"https:\/\/www.getenergyprimeitalia.com\/es\/","title":{"rendered":"Investigaci\u00f3n y desarrollo de fuentes alternativas de energ\u00eda."},"content":{"rendered":"<div class=\"wpb-content-wrapper\"><p>[vc_row type=\u00bbvc_default\u00bb full_width=\u00bbstretch_row_content_no_spaces\u00bb bg_type=\u00bbbg_color\u00bb bg_override=\u00bbex-full\u00bb bg_color_value=\u00bb#b0d997&#8243; css=\u00bb.vc_custom_1457344196150{margin-bottom: 0px !important;}\u00bb][vc_column][vc_row_inner][vc_column_inner width=\u00bb1\/2&#8243;][vc_empty_space height=\u00bb40px\u00bb][vc_video link=\u00bbhttps:\/\/www.youtube.com\/watch?v=MdykaMId57g\u00bb align=\u00bbcenter\u00bb][\/vc_column_inner][vc_column_inner width=\u00bb1\/2&#8243;][vc_column_text css=\u00bb.vc_custom_1576234552080{margin-top: 20px !important;margin-bottom: 20px !important;padding-top: 0px !important;padding-right: 10% !important;padding-bottom: 0px !important;padding-left: 10% !important;}\u00bb]<\/p>\n<h3><span style=\"color: #005e32;\"><b>Perfil de la Compa\u00f1ia<\/b><\/span><\/h3>\n<p><span style=\"color: #005e32;\"><span lang=\"en-US\"><strong>Get Energy Prime Italia<\/strong> es una sociedad que opera en el campo de la investigaci\u00f3n, desarrollo construcci\u00f3n y venta de plantas para el tratamiento de materiales plasticos y productos similares (espec\u00edficamente aquellos derivados de los neumaticos deshechados), generando energ\u00eda el\u00e9ctrica y t\u00e9rmica, utilizando materias primas de segunda mano o residuos con alto valor energ\u00e9tico. Get Energy Prime Italia fue fundada en 1996 como Get Energy Research (Centro de investigaci\u00f3n) e inmediatamente concentr\u00f3 sus esfuerzos en las fuentes energ\u00e9ticas renovables, en colaboraci\u00f3n con el centro de investigaciones y estudios de la Universidad de Varsovia (Polonia). Fundada con capital privado, Get Energy recientemente ha obtenido contribuciones de la Comunidad Europea para construir y proyectar \u00abPneus GINEO\u00bb, una planta especial para tratar los neum\u00e1ticos en desuso (PFU).<br \/>Nuestra misi\u00f3n es la de transformar materiales pl\u00e1sticos y PFU (uno de los problemas ecol\u00f3gicos m\u00e1s serios de nuestros d\u00edas), recuperando, con total respeto por el medio ambiente, los componentes valiosos para reutilizarlos y obtener un rendimiento econ\u00f3mico de inter\u00e9s seguro<\/span><\/span><\/p>\n<p>[\/vc_column_text][\/vc_column_inner][\/vc_row_inner][vc_row_inner css=\u00bb.vc_custom_1453730426243{background-color: #005e32 !important;}\u00bb][vc_column_inner width=\u00bb1\/2&#8243;][vc_raw_html]PGRpdiBpZD0iY2hpLXNpYW1vIiBkYXRhLWFuY2hvcj0iI2NoaS1zaWFtbyI+PC9kaXY+[\/vc_raw_html][vc_column_text css=\u00bb.vc_custom_1576231910540{padding-top: 10% !important;padding-right: 10% !important;padding-bottom: 10% !important;padding-left: 10% !important;}\u00bb][\/vc_column_text][\/vc_column_inner][vc_column_inner width=\u00bb1\/2&#8243;][vc_single_image image=\u00bb11&#8243; img_size=\u00bbfull\u00bb alignment=\u00bbright\u00bb image_hovers=\u00bbfalse\u00bb][\/vc_column_inner][\/vc_row_inner][vc_empty_space][\/vc_column][\/vc_row]<\/p>\n<\/div>","protected":false},"excerpt":{"rendered":"<p>[vc_row type=\u00bbvc_default\u00bb full_width=\u00bbstretch_row_content_no_spaces\u00bb bg_type=\u00bbbg_color\u00bb bg_override=\u00bbex-full\u00bb bg_color_value=\u00bb#b0d997&#8243; css=\u00bb.vc_custom_1457344196150{margin-bottom: 0px !important;}\u00bb][vc_column][vc_row_inner][vc_column_inner width=\u00bb1\/2&#8243;][vc_empty_space height=\u00bb40px\u00bb][vc_video link=\u00bbhttps:\/\/www.youtube.com\/watch?v=MdykaMId57g\u00bb align=\u00bbcenter\u00bb][\/vc_column_inner][vc_column_inner width=\u00bb1\/2&#8243;][vc_column_text css=\u00bb.vc_custom_1576234552080{margin-top: 20px !important;margin-bottom: 20px !important;padding-top: 0px !important;padding-right: 10% !important;padding-bottom: 0px !important;padding-left: 10% !important;}\u00bb] Perfil de la Compa\u00f1ia Get Energy Prime Italia es una sociedad que opera en el campo de la investigaci\u00f3n, desarrollo construcci\u00f3n y venta de plantas para el tratamiento&hellip;<\/p>\n","protected":false},"author":6,"featured_media":0,"parent":0,"menu_order":0,"comment_status":"closed","ping_status":"closed","template":"","meta":{"footnotes":""},"class_list":["post-527","page","type-page","status-publish","hentry","description-off"],"_links":{"self":[{"href":"https:\/\/www.getenergyprimeitalia.com\/es\/wp-json\/wp\/v2\/pages\/527","targetHints":{"allow":["GET"]}}],"collection":[{"href":"https:\/\/www.getenergyprimeitalia.com\/es\/wp-json\/wp\/v2\/pages"}],"about":[{"href":"https:\/\/www.getenergyprimeitalia.com\/es\/wp-json\/wp\/v2\/types\/page"}],"author":[{"embeddable":true,"href":"https:\/\/www.getenergyprimeitalia.com\/es\/wp-json\/wp\/v2\/users\/6"}],"replies":[{"embeddable":true,"href":"https:\/\/www.getenergyprimeitalia.com\/es\/wp-json\/wp\/v2\/comments?post=527"}],"version-history":[{"count":2,"href":"https:\/\/www.getenergyprimeitalia.com\/es\/wp-json\/wp\/v2\/pages\/527\/revisions"}],"predecessor-version":[{"id":538,"href":"https:\/\/www.getenergyprimeitalia.com\/es\/wp-json\/wp\/v2\/pages\/527\/revisions\/538"}],"wp:attachment":[{"href":"https:\/\/www.getenergyprimeitalia.com\/es\/wp-json\/wp\/v2\/media?parent=527"}],"curies":[{"name":"wp","href":"https:\/\/api.w.org\/{rel}","templated":true}]}}