{"id":500,"date":"2019-12-11T17:02:06","date_gmt":"2019-12-11T17:02:06","guid":{"rendered":"https:\/\/www.getenergyprimeitalia.com\/contactos\/"},"modified":"2022-11-09T11:28:40","modified_gmt":"2022-11-09T10:28:40","slug":"contactos","status":"publish","type":"page","link":"https:\/\/www.getenergyprimeitalia.com\/es\/contactos\/","title":{"rendered":"Contactos"},"content":{"rendered":"<div class=\"wpb-content-wrapper\"><p>[vc_row full_width=\u00bbstretch_row_content_no_spaces\u00bb css=\u00bb.vc_custom_1458841202170{margin-bottom: 0px !important;}\u00bb][vc_column width=\u00bb1\/2&#8243;][vc_column_text]<strong>Get Energy Prime Italia<\/strong> tiene su sede en Albiate, Via A. Gramsci 16A (MB) Monza &#8211; Brianza, en el eje industrial \/ financiero MIL\u00c1N &#8211; MONZA[\/vc_column_text][vc_column_text]<\/p>\n<h4>Cont\u00e1ctenos para m\u00e1s informaci\u00f3n<\/h4>\n<p>enviar un correo electr\u00f3nico a\u00a0 info@getenergyprimeitalia.com[\/vc_column_text][vc_single_image image=\u00bb232&#8243; img_size=\u00bbfull\u00bb alignment=\u00bbcenter\u00bb image_hovers=\u00bbfalse\u00bb][\/vc_column][vc_column width=\u00bb1\/2&#8243;][vc_row_inner][vc_column_inner width=\u00bb1\/2&#8243;][vc_column_text]<strong>Oficina registrada<\/strong>[\/vc_column_text][vc_empty_space height=\u00bb5px\u00bb][vc_gmaps link=\u00bb#E-8_JTNDaWZyYW1lJTIwc3JjJTNEJTIyaHR0cHMlM0ElMkYlMkZ3d3cuZ29vZ2xlLmNvbSUyRm1hcHMlMkZlbWJlZCUzRnBiJTNEJTIxMW0xOCUyMTFtMTIlMjExbTMlMjExZDI5NjkuMDUwOTI0ODgyMjM0NSUyMTJkMTIuNDYzNjcxMzE0NzAwMTM4JTIxM2Q0MS45MTMyNjM5NzExOTMyNCUyMTJtMyUyMTFmMCUyMTJmMCUyMTNmMCUyMTNtMiUyMTFpMTAyNCUyMTJpNzY4JTIxNGYxMy4xJTIxM20zJTIxMW0yJTIxMXMweDEzMmY2MGY0M2M4NTdkOTUlMjUzQTB4MzQ1YTJlYjRjMjAwOTdmJTIxMnNWaWFsZSUyQmRlbGxlJTJCTWlsaXppZSUyNTJDJTJCMjIlMjUyQyUyQjAwMTkyJTJCUm9tYSUyMTVlMCUyMTNtMiUyMTFzaXQlMjEyc2l0JTIxNHYxNDU4NTUwNjU2MTIxJTIyJTIwd2lkdGglM0QlMjI0MDAlMjIlMjBoZWlnaHQlM0QlMjIzMDAlMjIlMjBmcmFtZWJvcmRlciUzRCUyMjAlMjIlMjBzdHlsZSUzRCUyMmJvcmRlciUzQTAlMjIlMjBhbGxvd2Z1bGxzY3JlZW4lM0UlM0MlMkZpZnJhbWUlM0U=\u00bb][\/vc_column_inner][vc_column_inner width=\u00bb1\/2&#8243;][vc_column_text]<strong>Sede operativa<\/strong>[\/vc_column_text][vc_empty_space height=\u00bb5px\u00bb][vc_gmaps link=\u00bb#E-8_JTNDaWZyYW1lJTIwc3JjJTNEJTIyaHR0cHMlM0ElMkYlMkZ3d3cuZ29vZ2xlLmNvbSUyRm1hcHMlMkZlbWJlZCUzRnBiJTNEJTIxMW0xOCUyMTFtMTIlMjExbTMlMjExZDI3ODguOTI2Njc2MDc3MTQwNyUyMTJkOS4yMzYwMzE5MTUxMDgxJTIxM2Q0NS42NTIyOTI1NzkxMDM2MSUyMTJtMyUyMTFmMCUyMTJmMCUyMTNmMCUyMTNtMiUyMTFpMTAyNCUyMTJpNzY4JTIxNGYxMy4xJTIxM20zJTIxMW0yJTIxMXMweDQ3ODZiYzg0OThiZTczNTklMjUzQTB4NDZjNGM5MzAyZDZmYTQzMSUyMTJzVmlhJTJCQW50b25pbyUyQkdyYW1zY2klMjUyQyUyQjE2YSUyNTJjJTJCMjA4NDclMkJBbGJpYXRlJTJCTUIlMjUyQyUyQkl0YWxpYSUyMTVlMCUyMTNtMiUyMTFzaXQlMjEyc2l0JTIxNHYxNTA3ODgzNzE1MDU3JTIyJTIwd2lkdGglM0QlMjI0MDAlMjIlMjBoZWlnaHQlM0QlMjIzMDAlMjIlMjBmcmFtZWJvcmRlciUzRCUyMjAlMjIlMjBzdHlsZSUzRCUyMmJvcmRlciUzQTAlMjIlMjBhbGxvd2Z1bGxzY3JlZW4lM0UlM0MlMkZpZnJhbWUlM0U=\u00bb][\/vc_column_inner][\/vc_row_inner][\/vc_column][\/vc_row]<\/p>\n<\/div>","protected":false},"excerpt":{"rendered":"<p>[vc_row full_width=\u00bbstretch_row_content_no_spaces\u00bb css=\u00bb.vc_custom_1458841202170{margin-bottom: 0px !important;}\u00bb][vc_column width=\u00bb1\/2&#8243;][vc_column_text]Get Energy Prime Italia tiene su sede en Albiate, Via A. Gramsci 16A (MB) Monza &#8211; Brianza, en el eje industrial \/ financiero MIL\u00c1N &#8211; MONZA[\/vc_column_text][vc_column_text] Cont\u00e1ctenos para m\u00e1s informaci\u00f3n enviar un correo electr\u00f3nico a\u00a0 info@getenergyprimeitalia.com[\/vc_column_text][vc_single_image image=\u00bb232&#8243; img_size=\u00bbfull\u00bb alignment=\u00bbcenter\u00bb image_hovers=\u00bbfalse\u00bb][\/vc_column][vc_column width=\u00bb1\/2&#8243;][vc_row_inner][vc_column_inner width=\u00bb1\/2&#8243;][vc_column_text]Oficina registrada[\/vc_column_text][vc_empty_space height=\u00bb5px\u00bb][vc_gmaps link=\u00bb#E-8_JTNDaWZyYW1lJTIwc3JjJTNEJTIyaHR0cHMlM0ElMkYlMkZ3d3cuZ29vZ2xlLmNvbSUyRm1hcHMlMkZlbWJlZCUzRnBiJTNEJTIxMW0xOCUyMTFtMTIlMjExbTMlMjExZDI5NjkuMDUwOTI0ODgyMjM0NSUyMTJkMTIuNDYzNjcxMzE0NzAwMTM4JTIxM2Q0MS45MTMyNjM5NzExOTMyNCUyMTJtMyUyMTFmMCUyMTJmMCUyMTNmMCUyMTNtMiUyMTFpMTAyNCUyMTJpNzY4JTIxNGYxMy4xJTIxM20zJTIxMW0yJTIxMXMweDEzMmY2MGY0M2M4NTdkOTUlMjUzQTB4MzQ1YTJlYjRjMjAwOTdmJTIxMnNWaWFsZSUyQmRlbGxlJTJCTWlsaXppZSUyNTJDJTJCMjIlMjUyQyUyQjAwMTkyJTJCUm9tYSUyMTVlMCUyMTNtMiUyMTFzaXQlMjEyc2l0JTIxNHYxNDU4NTUwNjU2MTIxJTIyJTIwd2lkdGglM0QlMjI0MDAlMjIlMjBoZWlnaHQlM0QlMjIzMDAlMjIlMjBmcmFtZWJvcmRlciUzRCUyMjAlMjIlMjBzdHlsZSUzRCUyMmJvcmRlciUzQTAlMjIlMjBhbGxvd2Z1bGxzY3JlZW4lM0UlM0MlMkZpZnJhbWUlM0U=\u00bb][\/vc_column_inner][vc_column_inner width=\u00bb1\/2&#8243;][vc_column_text]Sede operativa[\/vc_column_text][vc_empty_space height=\u00bb5px\u00bb][vc_gmaps link=\u00bb#E-8_JTNDaWZyYW1lJTIwc3JjJTNEJTIyaHR0cHMlM0ElMkYlMkZ3d3cuZ29vZ2xlLmNvbSUyRm1hcHMlMkZlbWJlZCUzRnBiJTNEJTIxMW0xOCUyMTFtMTIlMjExbTMlMjExZDI3ODguOTI2Njc2MDc3MTQwNyUyMTJkOS4yMzYwMzE5MTUxMDgxJTIxM2Q0NS42NTIyOTI1NzkxMDM2MSUyMTJtMyUyMTFmMCUyMTJmMCUyMTNmMCUyMTNtMiUyMTFpMTAyNCUyMTJpNzY4JTIxNGYxMy4xJTIxM20zJTIxMW0yJTIxMXMweDQ3ODZiYzg0OThiZTczNTklMjUzQTB4NDZjNGM5MzAyZDZmYTQzMSUyMTJzVmlhJTJCQW50b25pbyUyQkdyYW1zY2klMjUyQyUyQjE2YSUyNTJjJTJCMjA4NDclMkJBbGJpYXRlJTJCTUIlMjUyQyUyQkl0YWxpYSUyMTVlMCUyMTNtMiUyMTFzaXQlMjEyc2l0JTIxNHYxNTA3ODgzNzE1MDU3JTIyJTIwd2lkdGglM0QlMjI0MDAlMjIlMjBoZWlnaHQlM0QlMjIzMDAlMjIlMjBmcmFtZWJvcmRlciUzRCUyMjAlMjIlMjBzdHlsZSUzRCUyMmJvcmRlciUzQTAlMjIlMjBhbGxvd2Z1bGxzY3JlZW4lM0UlM0MlMkZpZnJhbWUlM0U=\u00bb][\/vc_column_inner][\/vc_row_inner][\/vc_column][\/vc_row]<\/p>\n","protected":false},"author":6,"featured_media":0,"parent":0,"menu_order":0,"comment_status":"closed","ping_status":"closed","template":"","meta":{"footnotes":""},"class_list":["post-500","page","type-page","status-publish","hentry","description-off"],"_links":{"self":[{"href":"https:\/\/www.getenergyprimeitalia.com\/es\/wp-json\/wp\/v2\/pages\/500","targetHints":{"allow":["GET"]}}],"collection":[{"href":"https:\/\/www.getenergyprimeitalia.com\/es\/wp-json\/wp\/v2\/pages"}],"about":[{"href":"https:\/\/www.getenergyprimeitalia.com\/es\/wp-json\/wp\/v2\/types\/page"}],"author":[{"embeddable":true,"href":"https:\/\/www.getenergyprimeitalia.com\/es\/wp-json\/wp\/v2\/users\/6"}],"replies":[{"embeddable":true,"href":"https:\/\/www.getenergyprimeitalia.com\/es\/wp-json\/wp\/v2\/comments?post=500"}],"version-history":[{"count":2,"href":"https:\/\/www.getenergyprimeitalia.com\/es\/wp-json\/wp\/v2\/pages\/500\/revisions"}],"predecessor-version":[{"id":705,"href":"https:\/\/www.getenergyprimeitalia.com\/es\/wp-json\/wp\/v2\/pages\/500\/revisions\/705"}],"wp:attachment":[{"href":"https:\/\/www.getenergyprimeitalia.com\/es\/wp-json\/wp\/v2\/media?parent=500"}],"curies":[{"name":"wp","href":"https:\/\/api.w.org\/{rel}","templated":true}]}}